{"id":445,"date":"2019-10-10T12:05:32","date_gmt":"2019-10-10T10:05:32","guid":{"rendered":"http:\/\/accroche.net\/accrochenet\/?page_id=445"},"modified":"2019-10-10T12:07:27","modified_gmt":"2019-10-10T10:07:27","slug":"445-2","status":"publish","type":"page","link":"https:\/\/accroche.net\/accrochenet\/445-2\/","title":{"rendered":"Mentions l\u00e9gales"},"content":{"rendered":"\n[et_pb_section fb_built=\u00a0\u00bb1&Prime; admin_label=\u00a0\u00bbsection\u00a0\u00bb _builder_version=\u00a0\u00bb3.22&Prime; hover_enabled=\u00a0\u00bb0&Prime; fb_built=\u00a0\u00bb1&Prime; _i=\u00a0\u00bb0&Prime; _address=\u00a0\u00bb0&Prime;][et_pb_row admin_label=\u00a0\u00bbrow\u00a0\u00bb _builder_version=\u00a0\u00bb3.25&Prime; background_size=\u00a0\u00bbinitial\u00a0\u00bb background_position=\u00a0\u00bbtop_left\u00a0\u00bb background_repeat=\u00a0\u00bbrepeat\u00a0\u00bb _i=\u00a0\u00bb0&Prime; _address=\u00a0\u00bb0.0&Prime;][et_pb_column type=\u00a0\u00bb4_4&Prime; _builder_version=\u00a0\u00bb3.25&Prime; custom_padding=\u00a0\u00bb|||\u00a0\u00bb _i=\u00a0\u00bb0&Prime; _address=\u00a0\u00bb0.0.0&Prime; custom_padding__hover=\u00a0\u00bb|||\u00a0\u00bb][et_pb_text admin_label=\u00a0\u00bbText\u00a0\u00bb _builder_version=\u00a0\u00bb3.27.4&Prime; background_size=\u00a0\u00bbinitial\u00a0\u00bb background_position=\u00a0\u00bbtop_left\u00a0\u00bb background_repeat=\u00a0\u00bbrepeat\u00a0\u00bb inline_fonts=\u00a0\u00bbCalibri Regular,Debas Neue Pro Bold\u00a0\u00bb _i=\u00a0\u00bb0&Prime; _address=\u00a0\u00bb0.0.0.0&Prime;]<p><!-- divi:heading --><\/p>\n<div class=\"et_pb_text et_pb_module et_pb_bg_layout_light et_pb_text_align_left et_pb_text_0\">\n<div class=\"et_pb_text_inner\">\n<h1><span style=\"font-family: Debas Neue Pro Bold; font-weight: normal;\"><strong>Mentions l\u00e9gales<\/strong><\/span><\/h1>\n<p><span style=\"font-weight: normal;\">\u00a0<\/span><\/p>\n<p><span style=\"font-family: Calibri Regular; font-weight: normal;\"><strong>Information sur l\u2019Editeur<\/strong><\/span><\/p>\n<p><span style=\"font-family: Calibri Regular; font-weight: normal;\">Ce site est \u00e9dit\u00e9 par la soci\u00e9t\u00e9 ACCROCHE NET (\u00ab AccrocheNet\u00bb), SARL \u00e9tablie 20 rue Louis Delourmel &#8211; <\/span><span jstcache=\"164\" style=\"font-family: Calibri Regular; font-weight: normal;\">35230 Noyal-Ch\u00e2tillon-sur-Seiche<\/span><span style=\"font-family: Calibri Regular; font-weight: normal;\">, immatricul\u00e9e au Registre du Commerce et des Soci\u00e9t\u00e9s de Rennes sous le num\u00e9ro 418 255 873.<\/span><\/p>\n<p><span style=\"font-family: Calibri Regular; font-weight: normal;\">T\u00e9l\u00e9phone : +33\u00a0(0) <span jstcache=\"194\" class=\"section-info-text\"><span jstcache=\"218\" class=\"widget-pane-link\" jsan=\"7.widget-pane-link\">2 99 33 06 11<\/span><\/span><br \/><\/span><\/p>\n<p><span style=\"font-family: Calibri Regular; font-weight: normal;\"><strong>Conditions d\u2019utilisation<\/strong><\/span><\/p>\n<p><span style=\"font-family: Calibri Regular; font-weight: normal;\">L\u2019acc\u00e8s \u00e0 ce site et l\u2019utilisation des contenus publi\u00e9s par AccrocheNet sont soumis aux pr\u00e9sentes conditions d\u2019utilisation (les \u201c<strong>Conditions d\u2019Utilisation<\/strong>\u201c). AccrocheNet peut \u00eatre amen\u00e9e \u00e0 modifier ces Conditions d\u2019Utilisation \u00e0 tout moment. Par cons\u00e9quent, nous vous invitons \u00e0 venir les consulter r\u00e9guli\u00e8rement. AccrocheNet ne saurait \u00eatre tenue responsable des cons\u00e9quences quelles qu\u2019elles soient caus\u00e9es par ces modifications. En acc\u00e9dant \u00e0 ce site et en l\u2019utilisant, vous acceptez sans r\u00e9serve ni condition les pr\u00e9sentes Conditions d\u2019Utilisation.<\/span><\/p>\n<p><span style=\"font-family: Calibri Regular; font-weight: normal;\"><strong>Droit d\u2019auteur<\/strong><\/span><\/p>\n<p><span style=\"font-family: Calibri Regular; font-weight: normal;\">Le contenu et les fonctionnalit\u00e9s de ce site, y compris les textes, graphiques, logos, ic\u00f4nes et images ainsi que la s\u00e9lection et l\u2019agencement de ces \u00e9l\u00e9ments, est la propri\u00e9t\u00e9 exclusive d&rsquo;AccrocheNet ou des conc\u00e9dants ayant autoris\u00e9 AccrocheNet \u00e0 les utiliser aux termes d\u2019un contrat de licence (les \u201c<strong>Conc\u00e9dants<\/strong>\u201c), et sont prot\u00e9g\u00e9s \u00e0 ce titre par les lois nationales et internationales applicables relatives au droit d\u2019auteur ou relatives \u00e0 la propri\u00e9t\u00e9 intellectuelle. Tout droit non express\u00e9ment conc\u00e9d\u00e9 est r\u00e9serv\u00e9.<\/span><\/p>\n<p><span style=\"font-family: Calibri Regular; font-weight: normal;\"><strong>Marques<\/strong><\/span><\/p>\n<p><span style=\"font-family: Calibri Regular; font-weight: normal;\">Les marques concernant des produits ou des services, ainsi que les dessins et logos affich\u00e9s sur ce site sont des marques d\u00e9pos\u00e9es ou non-d\u00e9pos\u00e9s dont AccrocheNet et\/ou les Conc\u00e9dants sont titulaires. Vous vous engagez \u00e0 ne pas mentionner AccrocheNet ou \u00e0 ne pas associer AccrocheNet ou les Conc\u00e9dants \u00e0 aucune information et dans aucune publication quelle qu\u2019elle soit (par exemple, dans un communiqu\u00e9 de presse, ou sur un site Internet) \u00e0 des fins publicitaires ou de promotion, ou dans le but d\u2019informer ou d\u2019influencer des tiers. Vous vous engagez \u00e9galement \u00e0 ne pas utiliser ou reproduire les marques dont AccrocheNet ou les Conc\u00e9dants sont titulaires et \u00e0 ne pas laisser croire ou faire mention d\u2019une quelconque relation avec AccrocheNet ou avec les Conc\u00e9dants.<\/span><\/p>\n<p><span style=\"font-family: Calibri Regular; font-weight: normal;\"><strong>Utilisation du contenu du site<\/strong><\/span><\/p>\n<p><span style=\"font-family: Calibri Regular; font-weight: normal;\">AccrocheNet vous conc\u00e8de par les pr\u00e9sentes une licence d\u2019utilisation non-exclusive, non cessible, pour la dur\u00e9e de votre visite, aux seules fins de pouvoir acc\u00e9der, t\u00e9l\u00e9charger, afficher et imprimer une copie du contenu et des fonctionnalit\u00e9s affich\u00e9s sur le site Web, sur un seul ordinateur, pour un usage professionnel interne, et \u00e0 condition que vous ne modifiez le contenu du site en aucune mani\u00e8re et que vous conserviez toutes les mentions relatives aux droits d\u2019auteur et autres droits de propri\u00e9t\u00e9 intellectuelle affich\u00e9es et attach\u00e9es au contenu du site. En dehors des cas ainsi vis\u00e9s, vous n\u2019\u00eates pas autoris\u00e9 \u00e0 reproduire, modifier, distribuer, transmettre, afficher ou divulguer le contenu de ce site sauf autorisation \u00e9crite et pr\u00e9alable d&rsquo;AccrocheNet.<\/span><\/p>\n<p><span style=\"font-family: Calibri Regular; font-weight: normal;\"><strong>Donn\u00e9es personnelles<\/strong><\/span><\/p>\n<p><span style=\"font-family: Calibri Regular; font-weight: normal;\">AccrocheNet peut \u00eatre amen\u00e9e \u00e0 collecter et traiter les donn\u00e9es \u00e0 caract\u00e8re personnel concernant les utilisateurs de ce site. Nous vous invitons \u00e0 vous reporter \u00e0 notre <a title=\"Politique de confidentialit\u00e9\" href=\"https:\/\/accroche.net\/accrochenet\/politique-de-confidentialite\" target=\"_blank\" rel=\"noopener noreferrer\">Politique de Confidentialit\u00e9<\/a> pour plus d\u2019informations.<\/span><\/p>\n<p><span style=\"font-family: Calibri Regular; font-weight: normal;\"><strong>R\u00e9ponses aux demandes en ligne<\/strong><\/span><\/p>\n<p><span style=\"font-family: Calibri Regular; font-weight: normal;\">AccrocheNet peut communiquer aux personnes int\u00e9ress\u00e9es qui en font la demande des informations ou de la documentation par e-mail. AccrocheNet se r\u00e9serve le droit de rejeter \u00e0 sa seule discr\u00e9tion toute demande d\u2019information ou de documentation, ou d\u2019interrompre la fourniture de ces renseignements \u00e0 toute personne et sans motif.<\/span><\/p>\n<p><span style=\"font-family: Calibri Regular; font-weight: normal;\"><strong>Commentaires des utilisateurs<\/strong><\/span><\/p>\n<p><span style=\"font-family: Calibri Regular; font-weight: normal;\">Vous reconnaissez \u00e0 AccrocheNet le droit d\u2019utiliser, de publier et d\u2019exploiter sans restriction tout ou partie des informations que vous publiez ou postez sur ce site notamment dans les messages et les r\u00e9ponses aux questionnaires.<\/span><\/p>\n<p><span style=\"font-family: Calibri Regular; font-weight: normal;\">En acceptant les pr\u00e9sentes Conditions d\u2019Utilisation, vous renoncez \u00e0 toute r\u00e9clamation \u00e0 l\u2019encontre AccrocheNet pour toute forme d\u2019atteinte suppos\u00e9e ou av\u00e9r\u00e9e li\u00e9e \u00e0 l\u2019exploitation par AccrocheNet de ces contributions.<\/span><\/p>\n<p><span style=\"font-family: Calibri Regular; font-weight: normal;\">Vous vous engagez par ailleurs \u00e0 ne pas publier ou poster sur ce site:<\/span><\/p>\n<p><span style=\"font-family: Calibri Regular; font-weight: normal;\">(a) des propos mena\u00e7ants, injurieux, diffamatoires ou obsc\u00e8nes;<\/span><\/p>\n<p><span style=\"font-family: Calibri Regular; font-weight: normal;\">(b) des contenus qui constitueraient ou qui inciteraient \u00e0 commettre une infraction p\u00e9nale, qui pourraient donner lieu \u00e0 action en responsabilit\u00e9 civile ou qui constitueraient une violation de dispositions l\u00e9gales;<\/span><\/p>\n<p><span style=\"font-family: Calibri Regular; font-weight: normal;\">(c) des contenus portant atteinte \u00e0 la propri\u00e9t\u00e9 intellectuelle, \u00e0 la vie priv\u00e9e, ou \u00e0 d\u2019autres droits de tiers;<\/span><\/p>\n<p><span style=\"font-family: Calibri Regular; font-weight: normal;\">(d) des contenus infect\u00e9s ou porteurs d\u2019un virus informatique ou de tout autre \u00e9l\u00e9ment destructeur ou malveillant;<\/span><\/p>\n<p><span style=\"font-family: Calibri Regular; font-weight: normal;\">(e) des contenus int\u00e9grant de la publicit\u00e9, ou<\/span><\/p>\n<p><span style=\"font-family: Calibri Regular; font-weight: normal;\">(f) des contenus constituant des all\u00e9gations mensong\u00e8res ou trompeuses.<\/span><\/p>\n<p><span style=\"font-family: Calibri Regular; font-weight: normal;\">AccrocheNet n\u2019est pas en mesure de pouvoir v\u00e9rifier toutes les informations publi\u00e9es par les utilisateurs sur ce site et \u00e0 ce titre, ne peut \u00eatre tenue responsable du contenu de ces informations. N\u00e9anmoins, AccrocheNet se r\u00e9serve le droit de refuser de publier et de supprimer tout ou partie de ces contenus sans motif ni avoir \u00e0 en justifier.<\/span><\/p>\n<p><span style=\"font-family: Calibri Regular; font-weight: normal;\"><strong>Acc\u00e8s au site<\/strong><\/span><\/p>\n<p><span style=\"font-family: Calibri Regular; font-weight: normal;\">AccrocheNet peut modifier, suspendre ou interrompre le fonctionnement de ce site ou l\u2019acc\u00e8s \u00e0 ce site \u00e0 tout moment et pour quelque raison que ce soit et sans que sa responsabilit\u00e9 puisse \u00eatre recherch\u00e9e. Ce site peut \u00e9galement \u00eatre indisponible en raison d\u2019op\u00e9rations de maintenance, du dysfonctionnement de certains \u00e9quipements informatiques ou pour toute autre raison. L\u2019utilisateur doit s\u2019assurer, sous sa seule responsabilit\u00e9, que les informations ou contenus obtenus ou t\u00e9l\u00e9charg\u00e9s \u00e0 partir de ce site ne contiennent aucun virus, code informatique, ligne de commande ou script con\u00e7us pour d\u00e9sactiver, effacer, alt\u00e9rer ou plus g\u00e9n\u00e9ralement endommager les syst\u00e8mes, les logiciels ou les donn\u00e9es de l\u2019utilisateur.<\/span><\/p>\n<p><span style=\"font-family: Calibri Regular; font-weight: normal;\"><strong>Sites Web de tiers<\/strong><\/span><\/p>\n<p><span style=\"font-family: Calibri Regular; font-weight: normal;\">AccrocheNet peut \u00eatre amen\u00e9e \u00e0 publier des liens vers des sites tiers, \u00e9tant pr\u00e9cis\u00e9 que certains contenus affich\u00e9s sur ce site sont en fait fournis par des tiers, ce qui peut \u00eatre le cas par exemple, lorsque sont incorpor\u00e9s par jeu de cadres (\u201c<em>framing<\/em>\u201c), des contenus ou des pages de sites web fournis par les serveurs\/\u00e9diteurs tiers. AccrocheNet n\u2019est pas responsable du contenu de contenus de tiers, dont l\u2019acc\u00e8s et l\u2019utilisation sont soumis aux conditions d\u2019utilisation et politiques de confidentialit\u00e9 appliqu\u00e9es, le cas \u00e9ch\u00e9ant, par les tiers qui demeurent seuls responsables de leurs publications.<\/span><\/p>\n<p><span style=\"font-family: Calibri Regular; font-weight: normal;\">Sauf \u00e0 obtenir le consentement pr\u00e9alable \u00e9crit de AccrocheNet, vous n\u2019\u00eates pas autoris\u00e9 \u00e0 cr\u00e9er de liens hypertexte vers les pages de ce site, notamment \u00e0 travers des techniques de\u00a0<em>deep-linking, framing<\/em>\u00a0ou\u00a0<em>inlining<\/em>\u00a0ou toute autre fonctionnalit\u00e9 permettant de visualiser ou d\u2019acc\u00e9der \u00e0 une page secondaire de ce site sans avoir visit\u00e9 pr\u00e9alablement la page d\u2019accueil du site de AccrocheNet.<\/span><\/p>\n<p><span style=\"font-family: Calibri Regular; font-weight: normal;\"><strong>Notification et demande de retrait<\/strong><\/span><\/p>\n<p><span style=\"font-family: Calibri Regular; font-weight: normal;\">AccrocheNet interdit la publication de toute information ou contenu qui porterait atteinte aux droits d\u2019auteur ou autres droits de propri\u00e9t\u00e9 intellectuelle, ainsi qu\u2019aux droits relatifs \u00e0 la vie priv\u00e9e de toute personne physique ou morale. Si vous estimez qu\u2019un contenu quel qu\u2019il soit pr\u00e9sent sur le site porte atteinte \u00e0 vos droits ou aux droits de tiers dont vous avez pour mission d\u2019assurer la protection, merci de bien vouloir adresser \u00e0 AccrocheNet une notification \u00e9crite et dat\u00e9e indiquant :<\/span><\/p>\n<p><span style=\"font-family: Calibri Regular; font-weight: normal;\">(a) vos nom, pr\u00e9noms, profession, domicile, nationalit\u00e9, date et lieu de naissance ou, si vous agissez au nom d\u2019une personne morale, sa forme, sa d\u00e9nomination, son si\u00e8ge social et l\u2019organe qui la repr\u00e9sente l\u00e9galement ;<\/span><\/p>\n<p><span style=\"font-family: Calibri Regular; font-weight: normal;\">(b) le nom et domicile du destinataire ou, s\u2019il s\u2019agit d\u2019une personne morale, sa d\u00e9nomination et son si\u00e8ge social ;<\/span><\/p>\n<p><span style=\"font-family: Calibri Regular; font-weight: normal;\">(c) la description des faits litigieux et leur localisation pr\u00e9cise ;<\/span><\/p>\n<p><span style=\"font-family: Calibri Regular; font-weight: normal;\">(d) les motifs pour lesquels le contenu doit \u00eatre retir\u00e9, comprenant la mention des dispositions l\u00e9gales et des justifications de faits ;<\/span><\/p>\n<p><span style=\"font-family: Calibri Regular; font-weight: normal;\">(e) la copie de la correspondance adress\u00e9e \u00e0 l\u2019auteur ou \u00e0 l\u2019\u00e9diteur des informations ou activit\u00e9s litigieuses demandant leur interruption, leur retrait ou leur modification, ou la justification de ce que l\u2019auteur ou l\u2019\u00e9diteur n\u2019a pu \u00eatre contact\u00e9.<\/span><\/p>\n<p><span style=\"font-family: Calibri Regular; font-weight: normal;\">AccrocheNet supprimera toute contribution publi\u00e9e constituant un acte de contrefa\u00e7on ou portant atteinte au droit d\u2019auteur ou \u00e0 tout autre droit de toute personne conform\u00e9ment aux lois applicables, apr\u00e8s r\u00e9ception d\u2019une telle d\u00e9claration.<\/span><\/p>\n<p><span style=\"font-family: Calibri Regular; font-weight: normal;\"><strong>Limitations de responsabilit\u00e9<\/strong><\/span><\/p>\n<p><span style=\"font-family: Calibri Regular; font-weight: normal;\">Le contenu et fonctionnalit\u00e9s sont publi\u00e9s sur ce site Internet\u00a0par AccrocheNet \u00e9tant entendu que AccrocheNet ne s\u2019engage pas par les pr\u00e9sentes \u00e0 vous fournir des prestations de services et de conseils professionnels.<\/span><\/p>\n<p><span style=\"font-family: Calibri Regular; font-weight: normal;\">Sous r\u00e9serve des dispositions imp\u00e9ratives applicables, tous les contenus et fonctionnalit\u00e9s pr\u00e9sents sur ce site sont fournis \u00ab en l\u2019\u00e9tat \u00bb, \u00e0 l\u2019exclusion de toute garantie expresse ou implicite et notamment, et toute garantie implicite relative au caract\u00e8re commercialisable des informations, produits ou services, ou relative \u00e0 leur ad\u00e9quation \u00e0 un usage particulier.<\/span><\/p>\n<p><span style=\"font-family: Calibri Regular; font-weight: normal;\">Sous r\u00e9serve des dispositions imp\u00e9ratives applicables, AccrocheNet et les tiers fournisseurs de contenus n\u2019apportent aucune garantie, expresse ou implicite, quant \u00e0 la propri\u00e9t\u00e9, \u00e0 l\u2019exactitude ou \u00e0 l\u2019ad\u00e9quation du contenu du site.<\/span><\/p>\n<p><span style=\"font-family: Calibri Regular; font-weight: normal;\">La responsabilit\u00e9 de AccrocheNet ne saurait \u00eatre engag\u00e9e du fait des informations publi\u00e9es sur les sites Internet\u00a0li\u00e9s, les contenus des contributions des utilisateurs \u00e9ventuellement publi\u00e9es sur le site ou fournies par des tiers.<\/span><\/p>\n<p><span style=\"font-family: Calibri Regular; font-weight: normal;\">Sous r\u00e9serve des dispositions imp\u00e9ratives applicables, ni AccrocheNet, ni les tiers fournisseurs de contenus ne sauraient \u00eatre tenus responsables des dommages indirects ou cons\u00e9cutifs, tels que notamment les pertes de revenus ou de profits, quand bien m\u00eame AccrocheNet ou les tiers fournisseurs de contenus auraient \u00e9t\u00e9 avertis que tels dommages ou pertes puissent survenir.<\/span><\/p>\n<p><span style=\"font-family: Calibri Regular; font-weight: normal;\">Ces Conditions d\u2019Utilisation ont \u00e9t\u00e9 mises \u00e0 jour pour la derni\u00e8re fois le 12 octobre 2019.<\/span><\/p>\n<\/div>\n<\/div>\n<p>&nbsp;<\/p>\n<p><!-- \/divi:heading --><\/p>[\/et_pb_text][\/et_pb_column][\/et_pb_row][\/et_pb_section]\n","protected":false},"excerpt":{"rendered":"","protected":false},"author":1,"featured_media":0,"parent":0,"menu_order":0,"comment_status":"closed","ping_status":"closed","template":"","meta":{"_et_pb_use_builder":"on","_et_pb_old_content":"","_et_gb_content_width":"","footnotes":""},"class_list":["post-445","page","type-page","status-publish","hentry"],"_links":{"self":[{"href":"https:\/\/accroche.net\/accrochenet\/wp-json\/wp\/v2\/pages\/445","targetHints":{"allow":["GET"]}}],"collection":[{"href":"https:\/\/accroche.net\/accrochenet\/wp-json\/wp\/v2\/pages"}],"about":[{"href":"https:\/\/accroche.net\/accrochenet\/wp-json\/wp\/v2\/types\/page"}],"author":[{"embeddable":true,"href":"https:\/\/accroche.net\/accrochenet\/wp-json\/wp\/v2\/users\/1"}],"replies":[{"embeddable":true,"href":"https:\/\/accroche.net\/accrochenet\/wp-json\/wp\/v2\/comments?post=445"}],"version-history":[{"count":0,"href":"https:\/\/accroche.net\/accrochenet\/wp-json\/wp\/v2\/pages\/445\/revisions"}],"wp:attachment":[{"href":"https:\/\/accroche.net\/accrochenet\/wp-json\/wp\/v2\/media?parent=445"}],"curies":[{"name":"wp","href":"https:\/\/api.w.org\/{rel}","templated":true}]}}