{"id":3,"date":"2019-10-03T17:10:17","date_gmt":"2019-10-03T15:10:17","guid":{"rendered":"http:\/\/accroche.net\/accrochenet\/?page_id=3"},"modified":"2019-10-10T11:55:29","modified_gmt":"2019-10-10T09:55:29","slug":"politique-de-confidentialite","status":"publish","type":"page","link":"https:\/\/accroche.net\/accrochenet\/politique-de-confidentialite\/","title":{"rendered":"Politique de confidentialit\u00e9"},"content":{"rendered":"[et_pb_section fb_built=\u00a0\u00bb1&Prime; admin_label=\u00a0\u00bbsection\u00a0\u00bb _builder_version=\u00a0\u00bb3.22&Prime; _i=\u00a0\u00bb0&Prime; _address=\u00a0\u00bb0&Prime;][et_pb_row admin_label=\u00a0\u00bbrow\u00a0\u00bb _builder_version=\u00a0\u00bb3.25&Prime; background_size=\u00a0\u00bbinitial\u00a0\u00bb background_position=\u00a0\u00bbtop_left\u00a0\u00bb background_repeat=\u00a0\u00bbrepeat\u00a0\u00bb _i=\u00a0\u00bb0&Prime; _address=\u00a0\u00bb0.0&Prime;][et_pb_column type=\u00a0\u00bb4_4&Prime; _builder_version=\u00a0\u00bb3.25&Prime; custom_padding=\u00a0\u00bb|||\u00a0\u00bb _i=\u00a0\u00bb0&Prime; _address=\u00a0\u00bb0.0.0&Prime; custom_padding__hover=\u00a0\u00bb|||\u00a0\u00bb][et_pb_text admin_label=\u00a0\u00bbText\u00a0\u00bb _builder_version=\u00a0\u00bb3.27.4&Prime; background_size=\u00a0\u00bbinitial\u00a0\u00bb background_position=\u00a0\u00bbtop_left\u00a0\u00bb background_repeat=\u00a0\u00bbrepeat\u00a0\u00bb _i=\u00a0\u00bb0&Prime; _address=\u00a0\u00bb0.0.0.0&Prime; inline_fonts=\u00a0\u00bbCalibri Regular\u00a0\u00bb]<p><\/p>\n<div class=\"et_pb_text et_pb_module et_pb_bg_layout_light et_pb_text_align_left et_pb_text_0\">\n<div class=\"et_pb_text_inner\">\n<h1 class=\"wp-block-heading\"><span style=\"font-family: Debas Neue Pro Bold; font-weight: normal;\"><strong>Politique de Confidentialit\u00e9<\/strong><\/span><\/h1>\n<p><span style=\"font-family: Calibri Regular;\"><strong>Pr\u00e9ambule<\/strong><\/span><\/p>\n<p><span style=\"font-family: Calibri Regular;\">AccrocheNet utilise diff\u00e9rents moyens de collecte d\u2019informations personnelles concernant les visiteurs de son site web (les \u201cDonn\u00e9es Personnelles\u201d). AccrocheNet utilise les Donn\u00e9es Personnelles afin de permettre une exp\u00e9rience personnalis\u00e9e de ses services. Les Donn\u00e9es Personnelles ne sont utilis\u00e9es que pour les besoins internes de AccrocheNet et ne sont pas partag\u00e9es avec ou vendues \u00e0 des tiers, \u00e0 l\u2019exception de ses \u00e9ventuels fournisseurs\/sous-traitants qui auraient \u00e0 en avoir connaissance. Dans ce dernier cas, ces \u00e9ventuels fournisseurs\/sous-traitants sont tenus de conserver les donn\u00e9es de mani\u00e8re s\u00e9curis\u00e9e et de ne les utiliser que suivant les instructions de AccrocheNet et uniquement pour les finalit\u00e9s pour lesquelles elles ont \u00e9t\u00e9 collect\u00e9es. AccrocheNet pourra divulguer les Donn\u00e9es Personnelles si la loi ou une d\u00e9cision judiciaire l\u2019y oblige.<\/span><\/p>\n<p><span style=\"font-family: Calibri Regular;\"><strong>Enregistrement<\/strong><\/span><\/p>\n<p><span style=\"font-family: Calibri Regular;\">Les utilisateurs doivent fournir certaines Informations Personnelles, notamment leur adresse, num\u00e9ro de t\u00e9l\u00e9phone et adresse de courrier \u00e9lectronique lorsqu\u2019ils souscrivent aux services de AccrocheNet de mani\u00e8re \u00e0 ce que AccrocheNet puisse g\u00e9rer chaque compte utilisateur. Ces Donn\u00e9es Personnelles ne sont pas partag\u00e9es avec des tiers \u00e0 moins qu\u2019il n\u2019en soit dispos\u00e9 sp\u00e9cifiquement quand la loi ou des circonstances particuli\u00e8res l\u2019exigent.<\/span><\/p>\n<p><span style=\"font-family: Calibri Regular;\">AccrocheNet pourra utiliser les Donn\u00e9es Personnelles pour adapter, en fonction de l\u2019utilisateur, le contenu des messages \u00e9lectroniques g\u00e9n\u00e9r\u00e9s automatiquement, avec des informations que AccrocheNet pense pouvoir utiliser pour int\u00e9resser l\u2019utilisateur. Le consentement sera demand\u00e9 \u00e0 l\u2019utilisateur afin de recevoir de tels messages \u00e9lectroniques et il pourra \u00e0 tout moment demander \u00e0 ne plus les recevoir.<\/span><\/p>\n<p><span style=\"font-family: Calibri Regular;\"><strong>Utilisation de Cookies<\/strong><\/span><\/p>\n<p><span style=\"font-family: Calibri Regular;\">Les Cookies sont des petits fichiers textes qui peuvent \u00eatre plac\u00e9s sur l\u2019ordinateur des utilisateurs quant ils visitent des sites web. AccrocheNet peut utiliser des Cookies afin de collecter, de conserver et de suivre les Donn\u00e9es Personnelles pour un usage statistique, pour am\u00e9liorer les produits et services que AccrocheNet fournit et pour g\u00e9rer de mani\u00e8re efficace le contenu. Si vous \u00eates un utilisateur enregistr\u00e9 sur le site de AccrocheNet, AccrocheNet peut utiliser des cookies afin de conserver vos param\u00e8tres et vous fournir des services personnalis\u00e9s. Ces cookies ne permettent pas \u00e0 des tiers d\u2019acc\u00e9der \u00e0 des Donn\u00e9es Personnelles vous concernant. Vous pouvez vous opposer \u00e0 l\u2019installation de cookies soit de mani\u00e8re g\u00e9n\u00e9rale soit de mani\u00e8re sp\u00e9cifique en configurant de mani\u00e8re appropri\u00e9e votre navigateur mais vous comprenez que cela pourrait alt\u00e9rer les fonctionnalit\u00e9s de ce site web.<\/span><\/p>\n<p><span style=\"font-family: Calibri Regular;\"><strong>Forums Publics<\/strong><\/span><\/p>\n<p><span style=\"font-family: Calibri Regular;\">Toutes les Donn\u00e9es Personnelles que vous pourrez communiquer sur un espace public du site web AccrocheNet ou sur Internet, deviennent publiques. Vous devez rester prudent dans la divulgation de telles donn\u00e9es sur des espaces publics.<\/span><\/p>\n<p><span style=\"font-family: Calibri Regular;\"><strong>Politique Relative aux Mineurs et aux Enfants<\/strong><\/span><\/p>\n<p><span style=\"font-family: Calibri Regular;\">AccrocheNet n\u2019adresse pas volontairement de mails et ne collecte pas d\u2019information d\u2019enfants ou de mineurs et effacera promptement les Donn\u00e9es Personnelles de mineurs ou d\u2019enfants \u00e0 partir du moment o\u00f9 AccrocheNet en aura connaissance.<\/span><\/p>\n<p><span style=\"font-family: Calibri Regular;\"><strong>Politique Relative \u00e0 la S\u00e9curit\u00e9 des Donn\u00e9es<\/strong><\/span><\/p>\n<p><span style=\"font-family: Calibri Regular;\">AccrocheNet prend toutes pr\u00e9cautions utiles, au regard de la nature des donn\u00e9es et des risques pr\u00e9sent\u00e9s par le traitement, pour pr\u00e9server la s\u00e9curit\u00e9 des donn\u00e9es et, notamment, emp\u00eacher qu\u2019elles soient d\u00e9form\u00e9es, endommag\u00e9es, ou que des tiers non autoris\u00e9s y aient acc\u00e8s. Bien qu&rsquo;AccrocheNet mette en \u0153uvre ses meilleurs efforts pour assurer l\u2019int\u00e9grit\u00e9 et la s\u00e9curit\u00e9 de ses r\u00e9seaux et syst\u00e8mes, AccrocheNet ne peut pas garantir que les mesures de s\u00e9curit\u00e9 mises en \u0153uvre \u00e9viteront qu\u2019un tiers acc\u00e8de frauduleusement aux Donn\u00e9es Personnelles.<\/span><\/p>\n<p><span style=\"font-family: Calibri Regular;\"><strong>Droit d\u2019Acc\u00e8s, de Modification et de Suppression<\/strong><\/span><\/p>\n<p><span style=\"font-family: Calibri Regular;\">Vous pouvez exercer votre droit d\u2019acc\u00e8s et de modification des Donn\u00e9es Personnelles vous concernant et qu&rsquo;AccrocheNet d\u00e9tient ainsi que votre droit de suppression de ces donn\u00e9es pour un motif l\u00e9gitime, conform\u00e9ment aux dispositions de la loi n\u00b0 78-17 du 6 janvier 1978, modifi\u00e9e. A cette fin, vous devez adresser un courrier \u00e0 l\u2019adresse suivante : AccrocheNet \u2013 Service communication \u2013 <span class=\"LrzXr\">20 Rue Louis Delourmel &#8211; 35230 Noyal-Ch\u00e2tillon-sur-Seiche<\/span> \u2013 France.<\/span><\/p>\n<p><span style=\"font-family: Calibri Regular;\">Cette politique de confidentialit\u00e9 a \u00e9t\u00e9 mise \u00e0 jour pour la derni\u00e8re fois le 12 octobre 2019.<\/span><\/p>\n<\/div>\n<\/div>\n<p>&nbsp;<\/p>\n<p><\/p>[\/et_pb_text][\/et_pb_column][\/et_pb_row][\/et_pb_section]","protected":false},"excerpt":{"rendered":"<p>[et_pb_section fb_built=\u00a0\u00bb1&Prime; admin_label=\u00a0\u00bbsection\u00a0\u00bb _builder_version=\u00a0\u00bb3.22&Prime; _i=\u00a0\u00bb0&Prime; _address=\u00a0\u00bb0&Prime;][et_pb_row admin_label=\u00a0\u00bbrow\u00a0\u00bb _builder_version=\u00a0\u00bb3.25&Prime; background_size=\u00a0\u00bbinitial\u00a0\u00bb background_position=\u00a0\u00bbtop_left\u00a0\u00bb background_repeat=\u00a0\u00bbrepeat\u00a0\u00bb _i=\u00a0\u00bb0&Prime; _address=\u00a0\u00bb0.0&Prime;][et_pb_column type=\u00a0\u00bb4_4&Prime; _builder_version=\u00a0\u00bb3.25&Prime; custom_padding=\u00a0\u00bb|||\u00a0\u00bb _i=\u00a0\u00bb0&Prime; _address=\u00a0\u00bb0.0.0&Prime; custom_padding__hover=\u00a0\u00bb|||\u00a0\u00bb][et_pb_text admin_label=\u00a0\u00bbText\u00a0\u00bb _builder_version=\u00a0\u00bb3.27.4&Prime; background_size=\u00a0\u00bbinitial\u00a0\u00bb background_position=\u00a0\u00bbtop_left\u00a0\u00bb background_repeat=\u00a0\u00bbrepeat\u00a0\u00bb _i=\u00a0\u00bb0&Prime; _address=\u00a0\u00bb0.0.0.0&Prime; inline_fonts=\u00a0\u00bbCalibri Regular\u00a0\u00bb] Politique de Confidentialit\u00e9 Pr\u00e9ambule AccrocheNet utilise diff\u00e9rents moyens de collecte d\u2019informations personnelles concernant les visiteurs de son site web (les \u201cDonn\u00e9es Personnelles\u201d). AccrocheNet utilise les Donn\u00e9es Personnelles [&hellip;]<\/p>\n","protected":false},"author":1,"featured_media":0,"parent":0,"menu_order":0,"comment_status":"closed","ping_status":"open","template":"","meta":{"_et_pb_use_builder":"on","_et_pb_old_content":"<!-- wp:heading --><h2>Qui sommes-nous\u00a0?<\/h2><!-- \/wp:heading --><!-- wp:paragraph --><p>L\u2019adresse de notre site Web est\u00a0: https:\/\/accroche.net\/accrochenet.<\/p><!-- \/wp:paragraph --><!-- wp:heading --><h2>Utilisation des donn\u00e9es personnelles collect\u00e9es<\/h2><!-- \/wp:heading --><!-- wp:heading {\"level\":3} --><h3>Commentaires<\/h3><!-- \/wp:heading --><!-- wp:paragraph --><p>Quand vous laissez un commentaire sur notre site web, les donn\u00e9es inscrites dans le formulaire de commentaire, mais aussi votre adresse IP et l\u2019agent utilisateur de votre navigateur sont collect\u00e9s pour nous aider \u00e0 la d\u00e9tection des commentaires ind\u00e9sirables.<\/p><!-- \/wp:paragraph --><!-- wp:paragraph --><p>Une cha\u00eene anonymis\u00e9e cr\u00e9\u00e9e \u00e0 partir de votre adresse de messagerie (\u00e9galement appel\u00e9e hash) peut \u00eatre envoy\u00e9e au service Gravatar pour v\u00e9rifier si vous utilisez ce dernier. Les clauses de confidentialit\u00e9 du service Gravatar sont disponibles ici\u00a0: https:\/\/automattic.com\/privacy\/. Apr\u00e8s validation de votre commentaire, votre photo de profil sera visible publiquement \u00e0 cot\u00e9 de votre commentaire.<\/p><!-- \/wp:paragraph --><!-- wp:heading {\"level\":3} --><h3>M\u00e9dias<\/h3><!-- \/wp:heading --><!-- wp:paragraph --><p>Si vous \u00eates un utilisateur ou une utilisatrice enregistr\u00e9\u00b7e et que vous t\u00e9l\u00e9versez des images sur le site web, nous vous conseillons d\u2019\u00e9viter de t\u00e9l\u00e9verser des images contenant des donn\u00e9es EXIF de coordonn\u00e9es GPS. Les visiteurs de votre site web peuvent t\u00e9l\u00e9charger et extraire des donn\u00e9es de localisation depuis ces images.<\/p><!-- \/wp:paragraph --><!-- wp:heading {\"level\":3} --><h3>Formulaires de contact<\/h3><!-- \/wp:heading --><!-- wp:heading {\"level\":3} --><h3>Cookies<\/h3><!-- \/wp:heading --><!-- wp:paragraph --><p>Si vous d\u00e9posez un commentaire sur notre site, il vous sera propos\u00e9 d\u2019enregistrer votre nom, adresse de messagerie et site web dans des cookies. C\u2019est uniquement pour votre confort afin de ne pas avoir \u00e0 saisir ces informations si vous d\u00e9posez un autre commentaire plus tard. Ces cookies expirent au bout d\u2019un an.<\/p><!-- \/wp:paragraph --><!-- wp:paragraph --><p>Si vous vous rendez sur la page de connexion, un cookie temporaire sera cr\u00e9\u00e9 afin de d\u00e9terminer si votre navigateur accepte les cookies. Il ne contient pas de donn\u00e9es personnelles et sera supprim\u00e9 automatiquement \u00e0 la fermeture de votre navigateur.<\/p><!-- \/wp:paragraph --><!-- wp:paragraph --><p>Lorsque vous vous connecterez, nous mettrons en place un certain nombre de cookies pour enregistrer vos informations de connexion et vos pr\u00e9f\u00e9rences d\u2019\u00e9cran. La dur\u00e9e de vie d\u2019un cookie de connexion est de deux jours, celle d\u2019un cookie d\u2019option d\u2019\u00e9cran est d\u2019un an. Si vous cochez \u00ab\u00a0Se souvenir de moi\u00a0\u00bb, votre cookie de connexion sera conserv\u00e9 pendant deux semaines. Si vous vous d\u00e9connectez de votre compte, le cookie de connexion sera effac\u00e9.<\/p><!-- \/wp:paragraph --><!-- wp:paragraph --><p>En modifiant ou en publiant une publication, un cookie suppl\u00e9mentaire sera enregistr\u00e9 dans votre navigateur. Ce cookie ne comprend aucune donn\u00e9e personnelle. Il indique simplement l\u2019ID de la publication que vous venez de modifier. Il expire au bout d\u2019un jour.<\/p><!-- \/wp:paragraph --><!-- wp:heading {\"level\":3} --><h3>Contenu embarqu\u00e9 depuis d\u2019autres sites<\/h3><!-- \/wp:heading --><!-- wp:paragraph --><p>Les articles de ce site peuvent inclure des contenus int\u00e9gr\u00e9s (par exemple des vid\u00e9os, images, articles\u2026). Le contenu int\u00e9gr\u00e9 depuis d\u2019autres sites se comporte de la m\u00eame mani\u00e8re que si le visiteur se rendait sur cet autre site.<\/p><!-- \/wp:paragraph --><!-- wp:paragraph --><p>Ces sites web pourraient collecter des donn\u00e9es sur vous, utiliser des cookies, embarquer des outils de suivis tiers, suivre vos interactions avec ces contenus embarqu\u00e9s si vous disposez d\u2019un compte connect\u00e9 sur leur site web.<\/p><!-- \/wp:paragraph --><!-- wp:heading {\"level\":3} --><h3>Statistiques et mesures d\u2019audience<\/h3><!-- \/wp:heading --><!-- wp:heading --><h2>Utilisation et transmission de vos donn\u00e9es personnelles<\/h2><!-- \/wp:heading --><!-- wp:heading --><h2>Dur\u00e9es de stockage de vos donn\u00e9es<\/h2><!-- \/wp:heading --><!-- wp:paragraph --><p>Si vous laissez un commentaire, le commentaire et ses m\u00e9tadonn\u00e9es sont conserv\u00e9s ind\u00e9finiment. Cela permet de reconna\u00eetre et approuver automatiquement les commentaires suivants au lieu de les laisser dans la file de mod\u00e9ration.<\/p><!-- \/wp:paragraph --><!-- wp:paragraph --><p>Pour les utilisateurs et utilisatrices qui s\u2019enregistrent sur notre site (si cela est possible), nous stockons \u00e9galement les donn\u00e9es personnelles indiqu\u00e9es dans leur profil. Tous les utilisateurs et utilisatrices peuvent voir, modifier ou supprimer leurs informations personnelles \u00e0 tout moment (\u00e0 l\u2019exception de leur nom d\u2019utilisateur\u00b7ice). Les gestionnaires du site peuvent aussi voir et modifier ces informations.<\/p><!-- \/wp:paragraph --><!-- wp:heading --><h2>Les droits que vous avez sur vos donn\u00e9es<\/h2><!-- \/wp:heading --><!-- wp:paragraph --><p>Si vous avez un compte ou si vous avez laiss\u00e9 des commentaires sur le site, vous pouvez demander \u00e0 recevoir un fichier contenant toutes les donn\u00e9es personnelles que nous poss\u00e9dons \u00e0 votre sujet, incluant celles que vous nous avez fournies. Vous pouvez \u00e9galement demander la suppression des donn\u00e9es personnelles vous concernant. Cela ne prend pas en compte les donn\u00e9es stock\u00e9es \u00e0 des fins administratives, l\u00e9gales ou pour des raisons de s\u00e9curit\u00e9.<\/p><!-- \/wp:paragraph --><!-- wp:heading --><h2>Transmission de vos donn\u00e9es personnelles<\/h2><!-- \/wp:heading --><!-- wp:paragraph --><p>Les commentaires des visiteurs peuvent \u00eatre v\u00e9rifi\u00e9s \u00e0 l\u2019aide d\u2019un service automatis\u00e9 de d\u00e9tection des commentaires ind\u00e9sirables.<\/p><!-- \/wp:paragraph --><!-- wp:heading --><h2>Informations de contact<\/h2><!-- \/wp:heading --><!-- wp:heading --><h2>Informations suppl\u00e9mentaires<\/h2><!-- \/wp:heading --><!-- wp:heading {\"level\":3} --><h3>Comment nous prot\u00e9geons vos donn\u00e9es<\/h3><!-- \/wp:heading --><!-- wp:heading {\"level\":3} --><h3>Proc\u00e9dures mises en \u0153uvre en cas de fuite de donn\u00e9es<\/h3><!-- \/wp:heading --><!-- wp:heading {\"level\":3} --><h3>Les services tiers qui nous transmettent des donn\u00e9es<\/h3><!-- \/wp:heading --><!-- wp:heading {\"level\":3} --><h3>Op\u00e9rations de marketing automatis\u00e9 et\/ou de profilage r\u00e9alis\u00e9es \u00e0 l\u2019aide des donn\u00e9es personnelles<\/h3><!-- \/wp:heading --><!-- wp:heading {\"level\":3} --><h3>Affichage des informations li\u00e9es aux secteurs soumis \u00e0 des r\u00e9gulations sp\u00e9cifiques<\/h3><!-- \/wp:heading -->","_et_gb_content_width":"","footnotes":""},"class_list":["post-3","page","type-page","status-publish","hentry"],"_links":{"self":[{"href":"https:\/\/accroche.net\/accrochenet\/wp-json\/wp\/v2\/pages\/3","targetHints":{"allow":["GET"]}}],"collection":[{"href":"https:\/\/accroche.net\/accrochenet\/wp-json\/wp\/v2\/pages"}],"about":[{"href":"https:\/\/accroche.net\/accrochenet\/wp-json\/wp\/v2\/types\/page"}],"author":[{"embeddable":true,"href":"https:\/\/accroche.net\/accrochenet\/wp-json\/wp\/v2\/users\/1"}],"replies":[{"embeddable":true,"href":"https:\/\/accroche.net\/accrochenet\/wp-json\/wp\/v2\/comments?post=3"}],"version-history":[{"count":0,"href":"https:\/\/accroche.net\/accrochenet\/wp-json\/wp\/v2\/pages\/3\/revisions"}],"wp:attachment":[{"href":"https:\/\/accroche.net\/accrochenet\/wp-json\/wp\/v2\/media?parent=3"}],"curies":[{"name":"wp","href":"https:\/\/api.w.org\/{rel}","templated":true}]}}